{"id":1903,"date":"2016-11-17T14:49:41","date_gmt":"2016-11-17T14:49:41","guid":{"rendered":"http:\/\/pretur.com\/?page_id=1903"},"modified":"2016-11-18T07:32:51","modified_gmt":"2016-11-18T07:32:51","slug":"sitemap","status":"publish","type":"page","link":"https:\/\/pretur.com\/en\/site-map\/","title":{"rendered":"Sitemap"},"content":{"rendered":"<p>[vc_row][vc_column][vc_column_text]<\/p>\n<div class=\"wsp-container\"><h2 class=\"wsp-pages-title\">Pages<\/h2>\n<ul class=\"wsp-pages-list\">\n<li class=\"page_item page-item-2665\"><a href=\"https:\/\/pretur.com\/en\/legal-notice\/\">Legal notice<\/a><\/li>\n<li class=\"page_item page-item-2\"><a href=\"https:\/\/pretur.com\/en\/\">Inicio<\/a><\/li>\n<li class=\"page_item page-item-1711\"><a href=\"https:\/\/pretur.com\/en\/book-now\/\">Book Now<\/a><\/li>\n<li class=\"page_item page-item-19 current_page_parent\"><a href=\"https:\/\/pretur.com\/en\/news-pretur\/\">News Pretur<\/a><\/li>\n<li class=\"page_item page-item-1798\"><a href=\"https:\/\/pretur.com\/en\/contact\/\">Contact<\/a><\/li>\n<li class=\"page_item page-item-1388\"><a href=\"https:\/\/pretur.com\/en\/data-protection\/\">Data Protection<\/a><\/li>\n<li class=\"page_item page-item-1809\"><a href=\"https:\/\/pretur.com\/en\/cookies-policy\/\">Pol\u00edtica de cookies<\/a><\/li>\n<li class=\"page_item page-item-1808\"><a href=\"https:\/\/pretur.com\/en\/more-information-about-cookies\/\">M\u00e1s informaci\u00f3n sobre las cookies<\/a><\/li>\n<li class=\"page_item page-item-1903\"><a href=\"https:\/\/pretur.com\/en\/site-map\/\">Sitemap<\/a><\/li>\n<\/ul>\n<h2 class=\"wsp-posts-title\">Posts by category<\/h2>\n<ul class=\"wsp-posts-list\">\n\t<li><strong class=\"wsp-category-title\">Category: <a href=\"https:\/\/pretur.com\/en\/blog\/category\/acrobacias\/\">Acrobacias<\/a><\/strong>\n<ul class=\"wsp-posts-list\">\t\t<li class=\"wsp-post\"><a href=\"https:\/\/pretur.com\/en\/blog\/2016\/11\/11\/intarsi\/\">INTARSI<\/a><\/li>\n<\/ul><\/li>\n\t<li><strong class=\"wsp-category-title\">Category: <a href=\"https:\/\/pretur.com\/en\/blog\/category\/actualidad\/\">Actualidad<\/a><\/strong>\n<ul class=\"wsp-posts-list\">\t\t<li class=\"wsp-post\"><a href=\"https:\/\/pretur.com\/en\/blog\/2018\/09\/24\/concert-cheers-to-the-wine\/\">Concert &#8220;Cheers to the wine&#8221;<\/a><\/li>\n\t\t<li class=\"wsp-post\"><a href=\"https:\/\/pretur.com\/en\/blog\/2017\/08\/18\/muwi-festival\/\">MUWI FESTIVAL<\/a><\/li>\n\t\t<li class=\"wsp-post\"><a href=\"https:\/\/pretur.com\/en\/blog\/2017\/07\/21\/catarte-logrono\/\">CATARTE LOGRO\u00d1O<\/a><\/li>\n\t\t<li class=\"wsp-post\"><a href=\"https:\/\/pretur.com\/en\/blog\/2016\/12\/20\/actual\/\">ACTUAL<\/a><\/li>\n\t\t<li class=\"wsp-post\"><a href=\"https:\/\/pretur.com\/en\/blog\/2016\/11\/04\/sara-baras-voces\/\">SARA BARAS &#8211; VOCES<\/a><\/li>\n\t\t<li class=\"wsp-post\"><a href=\"https:\/\/pretur.com\/en\/blog\/2016\/10\/25\/pamen-pereira\/\">PAMEN PEREIRA<\/a><\/li>\n\t\t<li class=\"wsp-post\"><a href=\"https:\/\/pretur.com\/en\/blog\/2016\/10\/25\/fiestas-san-mateo-2016\/\">FIESTAS SAN MATEO 2016<\/a><\/li>\n\t\t<li class=\"wsp-post\"><a href=\"https:\/\/pretur.com\/en\/blog\/2016\/10\/25\/18-semana-musica-antigua-logrono\/\">18 SEMANA DE M\u00daSICA ANTIGUA DE LOGRO\u00d1O<\/a><\/li>\n\t\t<li class=\"wsp-post\"><a href=\"https:\/\/pretur.com\/en\/blog\/2016\/07\/08\/taller-de-cocina-monografico-ensaladas\/\">Taller de cocina monogr\u00e1fico &#8220;Ensaladas&#8221;<\/a><\/li>\n\t\t<li class=\"wsp-post\"><a href=\"https:\/\/pretur.com\/en\/blog\/2016\/07\/01\/conciertos-de-verano-de-banda-de-musica-de-logrono\/\">Conciertos de verano de la Banda de M\u00fasica de Logro\u00f1o<\/a><\/li>\n\t\t<li class=\"wsp-post\"><a href=\"https:\/\/pretur.com\/en\/blog\/2016\/06\/21\/visitas-narradas-por-los-caminos-del-vino\/\">Visitas narradas por los caminos del vino<\/a><\/li>\n\t\t<li class=\"wsp-post\"><a href=\"https:\/\/pretur.com\/en\/blog\/2016\/06\/17\/fiesta-de-la-musica\/\">Fiesta de la m\u00fasica<\/a><\/li>\n\t\t<li class=\"wsp-post\"><a href=\"https:\/\/pretur.com\/en\/blog\/2016\/06\/03\/fiestas-san-bernabe-2016\/\">Fiestas San Bernab\u00e9 2016<\/a><\/li>\n\t\t<li class=\"wsp-post\"><a href=\"https:\/\/pretur.com\/en\/blog\/2016\/05\/27\/malu-caos-tour\/\">Ma<\/a><\/li>\n\t\t<li class=\"wsp-post\"><a href=\"https:\/\/pretur.com\/en\/blog\/2016\/05\/20\/fiestas-de-la-calle-laurel\/\">Fiestas de la Calle Laurel<\/a><\/li>\n\t\t<li class=\"wsp-post\"><a href=\"https:\/\/pretur.com\/en\/blog\/2016\/04\/29\/exposicion-obsceanografico-de-daniel-verbis\/\">Exposici\u00f3n &#8220;Obsceanogr\u00e1fico&#8221;, de Daniel Verbis<\/a><\/li>\n<\/ul><\/li>\n\t<li><strong class=\"wsp-category-title\">Category: <a href=\"https:\/\/pretur.com\/en\/blog\/category\/cata\/\">Cata<\/a><\/strong>\n<ul class=\"wsp-posts-list\">\t\t<li class=\"wsp-post\"><a href=\"https:\/\/pretur.com\/en\/blog\/2018\/10\/01\/cata-de-uvas-y-vendimias-en-familia\/\">Cata de uvas y vendimias en familia<\/a><\/li>\n<\/ul><\/li>\n\t<li><strong class=\"wsp-category-title\">Category: <a href=\"https:\/\/pretur.com\/en\/blog\/category\/cata-bodega\/\">cata bodega<\/a><\/strong>\n<ul class=\"wsp-posts-list\">\t\t<li class=\"wsp-post\"><a href=\"https:\/\/pretur.com\/en\/blog\/2016\/05\/16\/riojabus-bodegas-montecillo-y-bodegas-afersa\/\">Riojab\u00fas Bodegas Montecillo y Bodegas Afersa<\/a><\/li>\n<\/ul><\/li>\n\t<li><strong class=\"wsp-category-title\">Category: <a href=\"https:\/\/pretur.com\/en\/blog\/category\/ciclismo\/\">Ciclismo<\/a><\/strong>\n<ul class=\"wsp-posts-list\">\t\t<li class=\"wsp-post\"><a href=\"https:\/\/pretur.com\/en\/blog\/2016\/10\/25\/exposicion-pedaleando-viejo-mundo-companniers\/\">EXPOSICI\u00d3N PEDALEANDO EL VIEJO MUNDO. COMPANNIERS<\/a><\/li>\n\t\t<li class=\"wsp-post\"><a href=\"https:\/\/pretur.com\/en\/blog\/2016\/03\/31\/vuelta-a-la-rioja-territorio-para-los-mas-fuertes\/\">Vuelta a La Rioja, territorio para los m\u00e1s fuertes<\/a><\/li>\n<\/ul><\/li>\n\t<li><strong class=\"wsp-category-title\">Category: <a href=\"https:\/\/pretur.com\/en\/blog\/category\/circo\/\">Circo<\/a><\/strong>\n<\/li>\n\t<li><strong class=\"wsp-category-title\">Category: <a href=\"https:\/\/pretur.com\/en\/blog\/category\/cocina\/\">cocina<\/a><\/strong>\n<\/li>\n\t<li><strong class=\"wsp-category-title\">Category: <a href=\"https:\/\/pretur.com\/en\/blog\/category\/concierto\/\">Concierto<\/a><\/strong>\n<ul class=\"wsp-posts-list\">\t\t<li class=\"wsp-post\"><a href=\"https:\/\/pretur.com\/en\/blog\/2019\/02\/22\/concierto-coral-magnum-mysterium\/\">CONCIERTO CORAL &#8220;MAGNUM MYSTERIUM&#8221;<\/a><\/li>\n\t\t<li class=\"wsp-post\"><a href=\"https:\/\/pretur.com\/en\/blog\/2017\/08\/25\/taron-country-festival\/\">TARON COUNTRY FESTIVAL<\/a><\/li>\n\t\t<li class=\"wsp-post\"><a href=\"https:\/\/pretur.com\/en\/blog\/2017\/07\/04\/veladas-musicales-calahorra\/\">VELADAS MUSICALES CALAHORRA<\/a><\/li>\n\t\t<li class=\"wsp-post\"><a href=\"https:\/\/pretur.com\/en\/blog\/2017\/04\/28\/melendi\/\">MELENDI<\/a><\/li>\n\t\t<li class=\"wsp-post\"><a href=\"https:\/\/pretur.com\/en\/blog\/2017\/03\/14\/leiva\/\">LEIVA<\/a><\/li>\n\t\t<li class=\"wsp-post\"><a href=\"https:\/\/pretur.com\/en\/blog\/2017\/01\/10\/jueves-flamencos\/\">JUEVES FLAMENCOS<\/a><\/li>\n<\/ul><\/li>\n\t<li><strong class=\"wsp-category-title\">Category: <a href=\"https:\/\/pretur.com\/en\/blog\/category\/country\/\">Country<\/a><\/strong>\n<\/li>\n\t<li><strong class=\"wsp-category-title\">Category: <a href=\"https:\/\/pretur.com\/en\/blog\/category\/cultura\/\">Cultura<\/a><\/strong>\n<ul class=\"wsp-posts-list\">\t\t<li class=\"wsp-post\"><a href=\"https:\/\/pretur.com\/en\/blog\/2017\/06\/22\/visitas-narradas-logrono-y-el-vino-en-el-s-xvii\/\">VISITAS NARRADAS &#8220;LOGRO\u00d1O Y EL VINO EN EL S.XVII&#8221;<\/a><\/li>\n\t\t<li class=\"wsp-post\"><a href=\"https:\/\/pretur.com\/en\/blog\/2017\/03\/03\/opera-madame-butterfly\/\">\u00d3PERA &#8220;MADAME BUTTERFLY&#8221;<\/a><\/li>\n\t\t<li class=\"wsp-post\"><a href=\"https:\/\/pretur.com\/en\/blog\/2017\/02\/24\/una-fisica-muy-particular\/\">UNA F\u00cdSICA MUY PARTICULAR<\/a><\/li>\n\t\t<li class=\"wsp-post\"><a href=\"https:\/\/pretur.com\/en\/blog\/2016\/10\/25\/jose-luis-perales\/\">JOS\u00c9 LUIS PERALES<\/a><\/li>\n\t\t<li class=\"wsp-post\"><a href=\"https:\/\/pretur.com\/en\/blog\/2016\/10\/25\/joan-miro-la-coleccion-wurth-huellas-tinta\/\">JOAN MIR\u00d3 EN LA COLECCI\u00d3N W\u00dcRTH: HUELLAS DE TINTA<\/a><\/li>\n\t\t<li class=\"wsp-post\"><a href=\"https:\/\/pretur.com\/en\/blog\/2016\/07\/22\/muwi-rioja-music-fest-2016\/\">MUWI Rioja Music Fest 2016<\/a><\/li>\n<\/ul><\/li>\n\t<li><strong class=\"wsp-category-title\">Category: <a href=\"https:\/\/pretur.com\/en\/blog\/category\/curso\/\">curso<\/a><\/strong>\n<ul class=\"wsp-posts-list\">\t\t<li class=\"wsp-post\"><a href=\"https:\/\/pretur.com\/en\/blog\/2017\/05\/19\/turismo-y-dibujo-en-logrono\/\">TURISMO Y DIBUJO EN LOGRO\u00d1O<\/a><\/li>\n\t\t<li class=\"wsp-post\"><a href=\"https:\/\/pretur.com\/en\/blog\/2016\/04\/22\/turismo-y-dibujo-en-la-rioja\/\">Turismo y Dibujo en La Rioja<\/a><\/li>\n<\/ul><\/li>\n\t<li><strong class=\"wsp-category-title\">Category: <a href=\"https:\/\/pretur.com\/en\/blog\/category\/danza\/\">Danza<\/a><\/strong>\n<ul class=\"wsp-posts-list\">\t\t<li class=\"wsp-post\"><a href=\"https:\/\/pretur.com\/en\/blog\/2017\/06\/02\/dirty-dancing-el-musical\/\">DIRTY DANCING &#8211; EL MUSICAL<\/a><\/li>\n\t\t<li class=\"wsp-post\"><a href=\"https:\/\/pretur.com\/en\/blog\/2017\/01\/31\/ballet-imperial-ruso-romeo-y-julieta\/\">BALLET IMPERIAL RUSO &#8211; ROMEO Y JULIETA<\/a><\/li>\n\t\t<li class=\"wsp-post\"><a href=\"https:\/\/pretur.com\/en\/blog\/2016\/11\/28\/nano-cabaret\/\">NANO CABARET<\/a><\/li>\n\t\t<li class=\"wsp-post\"><a href=\"https:\/\/pretur.com\/en\/blog\/2016\/04\/15\/mamma-mia-el-musical\/\">Mamma m\u00eda! &#8211; El musical<\/a><\/li>\n\t\t<li class=\"wsp-post\"><a href=\"https:\/\/pretur.com\/en\/blog\/2016\/04\/08\/el-amor-brujo\/\">El amor brujo de V\u00edctor Ullate<\/a><\/li>\n<\/ul><\/li>\n\t<li><strong class=\"wsp-category-title\">Category: <a href=\"https:\/\/pretur.com\/en\/blog\/category\/deporte\/\">Deporte<\/a><\/strong>\n<ul class=\"wsp-posts-list\">\t\t<li class=\"wsp-post\"><a href=\"https:\/\/pretur.com\/en\/blog\/2017\/07\/13\/kayak-por-el-ebro\/\">KAYAK POR EL EBRO<\/a><\/li>\n<\/ul><\/li>\n\t<li><strong class=\"wsp-category-title\">Category: <a href=\"https:\/\/pretur.com\/en\/blog\/category\/dibujo\/\">Dibujo<\/a><\/strong>\n<\/li>\n\t<li><strong class=\"wsp-category-title\">Category: <a href=\"https:\/\/pretur.com\/en\/blog\/category\/enoturismo\/\">Enoturismo<\/a><\/strong>\n<\/li>\n\t<li><strong class=\"wsp-category-title\">Category: <a href=\"https:\/\/pretur.com\/en\/blog\/category\/espectaculo\/\">Espect\u00e1culo<\/a><\/strong>\n<ul class=\"wsp-posts-list\">\t\t<li class=\"wsp-post\"><a href=\"https:\/\/pretur.com\/en\/blog\/2017\/03\/23\/cabaret-el-musical-de-broadway\/\">CABARET &#8211; EL MUSICAL DE BROADWAY<\/a><\/li>\n\t\t<li class=\"wsp-post\"><a href=\"https:\/\/pretur.com\/en\/blog\/2017\/02\/10\/la-oreja-de-van-gogh\/\">LA OREJA DE VAN GOGH<\/a><\/li>\n\t\t<li class=\"wsp-post\"><a href=\"https:\/\/pretur.com\/en\/blog\/2017\/01\/23\/el-mago-pop-la-gran-ilusion\/\">EL MAGO POP &#8211; LA GRAN ILUSI\u00d3N<\/a><\/li>\n<\/ul><\/li>\n\t<li><strong class=\"wsp-category-title\">Category: <a href=\"https:\/\/pretur.com\/en\/blog\/category\/exposicion\/\">Exposici\u00f3n<\/a><\/strong>\n<\/li>\n\t<li><strong class=\"wsp-category-title\">Category: <a href=\"https:\/\/pretur.com\/en\/blog\/category\/familia\/\">Familia<\/a><\/strong>\n<\/li>\n\t<li><strong class=\"wsp-category-title\">Category: <a href=\"https:\/\/pretur.com\/en\/blog\/category\/fiestas\/\">Fiestas<\/a><\/strong>\n<\/li>\n\t<li><strong class=\"wsp-category-title\">Category: <a href=\"https:\/\/pretur.com\/en\/blog\/category\/flamenco\/\">Flamenco<\/a><\/strong>\n<\/li>\n\t<li><strong class=\"wsp-category-title\">Category: <a href=\"https:\/\/pretur.com\/en\/blog\/category\/fotografia\/\">Fotograf\u00eda<\/a><\/strong>\n<\/li>\n\t<li><strong class=\"wsp-category-title\">Category: <a href=\"https:\/\/pretur.com\/en\/blog\/category\/gastronomia\/\">gastronom\u00eda<\/a><\/strong>\n<\/li>\n\t<li><strong class=\"wsp-category-title\">Category: <a href=\"https:\/\/pretur.com\/en\/blog\/category\/humor\/\">Humor<\/a><\/strong>\n<ul class=\"wsp-posts-list\">\t\t<li class=\"wsp-post\"><a href=\"https:\/\/pretur.com\/en\/blog\/2016\/04\/01\/carlos-latre-in-live\/\">Carlos Latre &#8220;In Live&#8221;<\/a><\/li>\n<\/ul><\/li>\n\t<li><strong class=\"wsp-category-title\">Category: <a href=\"https:\/\/pretur.com\/en\/blog\/category\/magia\/\">Magia<\/a><\/strong>\n<\/li>\n\t<li><strong class=\"wsp-category-title\">Category: <a href=\"https:\/\/pretur.com\/en\/blog\/category\/museo\/\">Museo<\/a><\/strong>\n<\/li>\n\t<li><strong class=\"wsp-category-title\">Category: <a href=\"https:\/\/pretur.com\/en\/blog\/category\/musica\/\">musica<\/a><\/strong>\n<ul class=\"wsp-posts-list\">\t\t<li class=\"wsp-post\"><a href=\"https:\/\/pretur.com\/en\/blog\/2016\/12\/16\/carlos-nunez\/\">CARLOS N\u00da\u00d1EZ<\/a><\/li>\n\t\t<li class=\"wsp-post\"><a href=\"https:\/\/pretur.com\/en\/blog\/2016\/05\/13\/hombre-g-30-anos-y-un-dia\/\">Hombre G &#8211; 30 a\u00f1os y un d\u00eda<\/a><\/li>\n<\/ul><\/li>\n\t<li><strong class=\"wsp-category-title\">Category: <a href=\"https:\/\/pretur.com\/en\/blog\/category\/musical\/\">Musical<\/a><\/strong>\n<\/li>\n\t<li><strong class=\"wsp-category-title\">Category: <a href=\"https:\/\/pretur.com\/en\/blog\/category\/ninos\/\">Ni\u00f1os<\/a><\/strong>\n<\/li>\n\t<li><strong class=\"wsp-category-title\">Category: <a href=\"https:\/\/pretur.com\/en\/blog\/category\/opera\/\">Opera<\/a><\/strong>\n<\/li>\n\t<li><strong class=\"wsp-category-title\">Category: <a href=\"https:\/\/pretur.com\/en\/blog\/category\/pintura\/\">pintura<\/a><\/strong>\n<\/li>\n\t<li><strong class=\"wsp-category-title\">Category: <a href=\"https:\/\/pretur.com\/en\/blog\/category\/procesiones\/\">Procesiones<\/a><\/strong>\n<ul class=\"wsp-posts-list\">\t\t<li class=\"wsp-post\"><a href=\"https:\/\/pretur.com\/en\/blog\/2017\/04\/11\/semana-santa-logrono\/\">SEMANA SANTA LOGRO\u00d1O<\/a><\/li>\n<\/ul><\/li>\n\t<li><strong class=\"wsp-category-title\">Category: <a href=\"https:\/\/pretur.com\/en\/blog\/category\/semana-santa\/\">Semana Santa<\/a><\/strong>\n<\/li>\n\t<li><strong class=\"wsp-category-title\">Category: <a href=\"https:\/\/pretur.com\/en\/blog\/category\/sin-categoria\/\">Sin categor\u00eda<\/a><\/strong>\n<ul class=\"wsp-posts-list\">\t\t<li class=\"wsp-post\"><a href=\"https:\/\/pretur.com\/en\/blog\/2020\/06\/17\/reserva-y-cambia-2\/\">\u00a1Reserva y Cambia!<\/a><\/li>\n<\/ul><\/li>\n\t<li><strong class=\"wsp-category-title\">Category: <a href=\"https:\/\/pretur.com\/en\/blog\/category\/taller-cocina\/\">Taller cocina<\/a><\/strong>\n<\/li>\n\t<li><strong class=\"wsp-category-title\">Category: <a href=\"https:\/\/pretur.com\/en\/blog\/category\/turismo\/\">Turismo<\/a><\/strong>\n<\/li>\n\t<li><strong class=\"wsp-category-title\">Category: <a href=\"https:\/\/pretur.com\/en\/blog\/category\/viaje\/\">Viaje<\/a><\/strong>\n<\/li>\n\t<li><strong class=\"wsp-category-title\">Category: <a href=\"https:\/\/pretur.com\/en\/blog\/category\/vino\/\">vino<\/a><\/strong>\n<\/li>\n\t<li><strong class=\"wsp-category-title\">Category: <a href=\"https:\/\/pretur.com\/en\/blog\/category\/visita-bodega\/\">visita bodega<\/a><\/strong>\n<\/li>\n\t<li><strong class=\"wsp-category-title\">Category: <a href=\"https:\/\/pretur.com\/en\/blog\/category\/visita-la-rioja\/\">visita La Rioja<\/a><\/strong>\n<\/li>\n\t<li><strong class=\"wsp-category-title\">Category: <a href=\"https:\/\/pretur.com\/en\/blog\/category\/visita-logrono\/\">Visita Logro\u00f1o<\/a><\/strong>\n<\/li>\n<\/ul>\n<\/div>\n<p>[\/vc_column_text][\/vc_column][\/vc_row]<\/p>\n","protected":false},"excerpt":{"rendered":"<p>[vc_row][vc_column][vc_column_text] [\/vc_column_text][\/vc_column][\/vc_row]<\/p>\n","protected":false},"author":1,"featured_media":0,"parent":0,"menu_order":7,"comment_status":"closed","ping_status":"closed","template":"","meta":{"footnotes":""},"class_list":["post-1903","page","type-page","status-publish","hentry"],"_links":{"self":[{"href":"https:\/\/pretur.com\/en\/wp-json\/wp\/v2\/pages\/1903","targetHints":{"allow":["GET"]}}],"collection":[{"href":"https:\/\/pretur.com\/en\/wp-json\/wp\/v2\/pages"}],"about":[{"href":"https:\/\/pretur.com\/en\/wp-json\/wp\/v2\/types\/page"}],"author":[{"embeddable":true,"href":"https:\/\/pretur.com\/en\/wp-json\/wp\/v2\/users\/1"}],"replies":[{"embeddable":true,"href":"https:\/\/pretur.com\/en\/wp-json\/wp\/v2\/comments?post=1903"}],"version-history":[{"count":2,"href":"https:\/\/pretur.com\/en\/wp-json\/wp\/v2\/pages\/1903\/revisions"}],"predecessor-version":[{"id":1917,"href":"https:\/\/pretur.com\/en\/wp-json\/wp\/v2\/pages\/1903\/revisions\/1917"}],"wp:attachment":[{"href":"https:\/\/pretur.com\/en\/wp-json\/wp\/v2\/media?parent=1903"}],"curies":[{"name":"wp","href":"https:\/\/api.w.org\/{rel}","templated":true}]}}